{"id":4524,"date":"2018-12-17T13:52:13","date_gmt":"2018-12-17T13:52:13","guid":{"rendered":"https:\/\/nature-project.eu\/?page_id=4524"},"modified":"2026-04-14T17:23:44","modified_gmt":"2026-04-14T17:23:44","slug":"landschaftsarchitekt-gartenarchitekt-leipzig","status":"publish","type":"page","link":"https:\/\/nature-project.eu\/de\/landschaftsarchitekt-gartenarchitekt-leipzig\/","title":{"rendered":"Gartenarchitekt"},"content":{"rendered":"<div id='layer_slider_1'  class='avia-layerslider main_color avia-shadow  avia-builder-el-0  el_before_av_submenu  avia-builder-el-first  container_wrap sidebar_right'  style='height: 291px; max-width: 1410px; margin: 0 auto;'  ><\/div>\n<div id='sub_menu1'  class='av-submenu-container av-jpb5htey-48024aee582c7aa846f92bc1e7e58ece main_color av-switch-768  avia-builder-el-1  el_after_av_layerslider  el_before_av_textblock  submenu-not-first container_wrap sidebar_right' style='z-index:301' ><div class='container av-menu-mobile-active av-submenu-pos-center'><a href=\"#\" class=\"mobile_menu_toggle\"><span class='avia-svg-icon avia-font-svg_entypo-fontello' data-av_svg_icon='list' data-av_iconset='svg_entypo-fontello'><svg version=\"1.1\" xmlns=\"http:\/\/www.w3.org\/2000\/svg\" width=\"22\" height=\"32\" viewBox=\"0 0 22 32\" preserveAspectRatio=\"xMidYMid meet\" aria-labelledby='av-svg-title-1' aria-describedby='av-svg-desc-1' role=\"graphics-symbol\" aria-hidden=\"true\">\n<title id='av-svg-title-1'>List<\/title>\n<desc id='av-svg-desc-1'>List<\/desc>\n<path d=\"M3.2 20.8q0.64 0 1.12 0.48t0.48 1.12-0.48 1.12-1.12 0.48h-1.6q-0.64 0-1.12-0.48t-0.48-1.12 0.448-1.12 1.152-0.48h1.6zM3.2 14.4q0.64 0 1.12 0.48t0.48 1.12-0.48 1.12-1.12 0.48h-1.6q-0.64 0-1.12-0.48t-0.48-1.12 0.448-1.12 1.152-0.48h1.6zM3.2 8q0.64 0 1.12 0.48t0.48 1.12-0.48 1.12-1.12 0.48h-1.6q-0.64 0-1.12-0.48t-0.48-1.12 0.448-1.12 1.152-0.48h1.6zM9.6 11.2q-0.64 0-1.12-0.48t-0.48-1.12 0.48-1.12 1.12-0.48h11.2q0.704 0 1.152 0.48t0.448 1.12-0.48 1.12-1.12 0.48h-11.2zM20.8 14.4q0.704 0 1.152 0.48t0.448 1.12-0.48 1.12-1.12 0.48h-11.2q-0.64 0-1.12-0.48t-0.48-1.12 0.48-1.12 1.12-0.48h11.2zM20.8 20.8q0.704 0 1.152 0.48t0.448 1.12-0.48 1.12-1.12 0.48h-11.2q-0.64 0-1.12-0.48t-0.48-1.12 0.48-1.12 1.12-0.48h11.2z\"><\/path>\n<\/svg><\/span><span class=\"av-current-placeholder\">Men\u00fc<\/span><\/a><ul id=\"menu-gartenplanung-privatbauherren\" class=\"av-subnav-menu\" role=\"menu\"><li role=\"menuitem\" id=\"menu-item-4377\" class=\"menu-item menu-item-type-post_type menu-item-object-page menu-item-top-level menu-item-top-level-1\"><a href=\"https:\/\/nature-project.eu\/de\/gartenplanung-leipzig\/\" itemprop=\"url\" tabindex=\"0\"><span class=\"avia-bullet\"><\/span><span class=\"avia-menu-text\">Gartenplanung<\/span><span class=\"avia-menu-fx\"><span class=\"avia-arrow-wrap\"><span class=\"avia-arrow\"><\/span><\/span><\/span><\/a><\/li>\n<li role=\"menuitem\" id=\"menu-item-4526\" class=\"menu-item menu-item-type-post_type menu-item-object-page menu-item-top-level menu-item-top-level-2\"><a href=\"https:\/\/nature-project.eu\/de\/landschaftsarchitekt-gartenarchitekt-leipzig\/\" itemprop=\"url\" tabindex=\"0\"><span class=\"avia-bullet\"><\/span><span class=\"avia-menu-text\">Gartenarchitekt<\/span><span class=\"avia-menu-fx\"><span class=\"avia-arrow-wrap\"><span class=\"avia-arrow\"><\/span><\/span><\/span><\/a><\/li>\n<li role=\"menuitem\" id=\"menu-item-4540\" class=\"menu-item menu-item-type-post_type menu-item-object-page menu-item-top-level menu-item-top-level-3\"><a href=\"https:\/\/nature-project.eu\/de\/planungskosten\/\" itemprop=\"url\" tabindex=\"0\"><span class=\"avia-bullet\"><\/span><span class=\"avia-menu-text\">Planungskosten<\/span><span class=\"avia-menu-fx\"><span class=\"avia-arrow-wrap\"><span class=\"avia-arrow\"><\/span><\/span><\/span><\/a><\/li>\n<li role=\"menuitem\" id=\"menu-item-4554\" class=\"menu-item menu-item-type-custom menu-item-object-custom menu-item-top-level menu-item-top-level-4\"><a href=\"https:\/\/nature-project.eu\/privatgaerten\/\" itemprop=\"url\" tabindex=\"0\"><span class=\"avia-bullet\"><\/span><span class=\"avia-menu-text\">Portfolio<\/span><span class=\"avia-menu-fx\"><span class=\"avia-arrow-wrap\"><span class=\"avia-arrow\"><\/span><\/span><\/span><\/a><\/li>\n<\/ul><\/div><\/div><div id='after_submenu_1'  class='main_color av_default_container_wrap container_wrap sidebar_right'  ><div class='container av-section-cont-open' ><div class='template-page content  av-content-small alpha units'><div class='post-entry post-entry-type-page post-entry-4524'><div class='entry-content-wrapper clearfix'>\n\n<style type=\"text\/css\" data-created_by=\"avia_inline_auto\" id=\"style-css-av-jt4jwnt4-3b9ce4500a77ef208aea276c9dfc07c4\">\n#top .av_textblock_section.av-jt4jwnt4-3b9ce4500a77ef208aea276c9dfc07c4 .avia_textblock{\nfont-size:13px;\n}\n<\/style>\n<section  class='av_textblock_section av-jt4jwnt4-3b9ce4500a77ef208aea276c9dfc07c4 '   itemscope=\"itemscope\" itemtype=\"https:\/\/schema.org\/CreativeWork\" ><div class='avia_textblock'  itemprop=\"text\" ><p style=\"text-align: left;\"><span style=\"color: #999999;\">Landschaftsarchitekt Leipzig<\/span><\/p>\n<\/div><\/section>\n\n<style type=\"text\/css\" data-created_by=\"avia_inline_auto\" id=\"style-css-av-315olg-16ac93da7fa00ef200e97182f03ab985\">\n.flex_column.av-315olg-16ac93da7fa00ef200e97182f03ab985{\nborder-radius:0px 0px 0px 0px;\npadding:0px 0px 0px 0px;\n}\n<\/style>\n<div  class='flex_column av-315olg-16ac93da7fa00ef200e97182f03ab985 av_four_fifth  avia-builder-el-3  el_after_av_textblock  el_before_av_four_fifth  first flex_column_div av-zero-column-padding  column-top-margin'     ><style type=\"text\/css\" data-created_by=\"avia_inline_auto\" id=\"style-css-av-jt4k1x2t-aadda4f8b4a80ce88b3309e9146fe5ce\">\n#top .av-special-heading.av-jt4k1x2t-aadda4f8b4a80ce88b3309e9146fe5ce{\npadding-bottom:10px;\ncolor:#76a52b;\n}\nbody .av-special-heading.av-jt4k1x2t-aadda4f8b4a80ce88b3309e9146fe5ce .av-special-heading-tag .heading-char{\nfont-size:25px;\n}\n#top #wrap_all .av-special-heading.av-jt4k1x2t-aadda4f8b4a80ce88b3309e9146fe5ce .av-special-heading-tag{\nfont-size:28px;\n}\n.av-special-heading.av-jt4k1x2t-aadda4f8b4a80ce88b3309e9146fe5ce .special-heading-inner-border{\nborder-color:#76a52b;\n}\n.av-special-heading.av-jt4k1x2t-aadda4f8b4a80ce88b3309e9146fe5ce .av-subheading{\nfont-size:15px;\n}\n<\/style>\n<div  class='av-special-heading av-jt4k1x2t-aadda4f8b4a80ce88b3309e9146fe5ce av-special-heading-h1 custom-color-heading  avia-builder-el-4  avia-builder-el-no-sibling  h1portfolio'><h1 class='av-special-heading-tag '  itemprop=\"headline\"  >Ihr Landschaftsarchitekt &#8211; Gartenarchitekt in Leipzig<\/h1><div class=\"special-heading-border\"><div class=\"special-heading-inner-border\"><\/div><\/div><\/div><\/div>\n\n<style type=\"text\/css\" data-created_by=\"avia_inline_auto\" id=\"style-css-av-315olg-16ac93da7fa00ef200e97182f03ab985\">\n.flex_column.av-315olg-16ac93da7fa00ef200e97182f03ab985{\nborder-radius:0px 0px 0px 0px;\npadding:0px 0px 0px 0px;\n}\n<\/style>\n<div  class='flex_column av-315olg-16ac93da7fa00ef200e97182f03ab985 av_four_fifth  avia-builder-el-5  el_after_av_four_fifth  avia-builder-el-last  first flex_column_div av-zero-column-padding  '     ><p>\n<style type=\"text\/css\" data-created_by=\"avia_inline_auto\" id=\"style-css-av-av_heading-7ed0bea8f9bbc28d434f22efa319ac30\">\n#top .av-special-heading.av-av_heading-7ed0bea8f9bbc28d434f22efa319ac30{\npadding-bottom:10px;\ncolor:#76a52b;\nfont-size:21px;\n}\nbody .av-special-heading.av-av_heading-7ed0bea8f9bbc28d434f22efa319ac30 .av-special-heading-tag .heading-char{\nfont-size:25px;\n}\n#top #wrap_all .av-special-heading.av-av_heading-7ed0bea8f9bbc28d434f22efa319ac30 .av-special-heading-tag{\nfont-size:21px;\n}\n.av-special-heading.av-av_heading-7ed0bea8f9bbc28d434f22efa319ac30 .special-heading-inner-border{\nborder-color:#76a52b;\n}\n.av-special-heading.av-av_heading-7ed0bea8f9bbc28d434f22efa319ac30 .av-subheading{\nfont-size:15px;\n}\n\n@media only screen and (min-width: 480px) and (max-width: 767px){ \n#top #wrap_all .av-special-heading.av-av_heading-7ed0bea8f9bbc28d434f22efa319ac30 .av-special-heading-tag{\nfont-size:0.8em;\n}\n}\n\n@media only screen and (max-width: 479px){ \n#top #wrap_all .av-special-heading.av-av_heading-7ed0bea8f9bbc28d434f22efa319ac30 .av-special-heading-tag{\nfont-size:0.8em;\n}\n}\n<\/style>\n<div  class='av-special-heading av-av_heading-7ed0bea8f9bbc28d434f22efa319ac30 av-special-heading-h2 custom-color-heading blockquote modern-quote  avia-builder-el-6  el_before_av_textblock  avia-builder-el-first  av-inherit-size av-linked-heading'><h2 class='av-special-heading-tag '  itemprop=\"headline\"  >Was macht ein Landschafts- und Gartenarchitekt eigentlich?<\/h2><div class=\"special-heading-border\"><div class=\"special-heading-inner-border\"><\/div><\/div><\/div><br \/>\n<section  class='av_textblock_section av-jpnsvv0z-40335b003242ca7e9e28887dc1d86aab '   itemscope=\"itemscope\" itemtype=\"https:\/\/schema.org\/CreativeWork\" ><div class='avia_textblock'  itemprop=\"text\" ><p>Hier ein Auszug aus Wikipedia, der freien Enzyklop\u00e4die.<\/p>\n<p>Landschafts- und Gartenarchitekt ist eine Berufsbezeichnung f\u00fcr Diplom-Ingenieure mit Fachhochschul- oder Universit\u00e4tsabschluss in der Fachrichtung Garten- und Landschaftsarchitektur.<\/p>\n<p>An den verschiedenen deutschen Hochschulen werden f\u00fcr die entsprechenden Studieng\u00e4nge auch die Begriffe Landespflege oder Landschafts- und Freiraumplanung verwendet. Mittlerweile gibt es auch in Deutschland die M\u00f6glichkeit, gestufte Abschl\u00fcsse wie Bachelor oder Master of Landscape Architecture zu absolvieren.<\/p>\n<p>Die Bezeichnung \u201eLandschaftsarchitekt\u201c d\u00fcrfen in Deutschland nur eingetragene Mitglieder der Architektenkammern tragen. Voraussetzung f\u00fcr die Eintragung in die von den Architektenkammern gef\u00fchrte Architektenliste ist &#8211; neben dem Nachweis eines einschl\u00e4gigen Hochschulabschlusses &#8211; eine mindestens dreij\u00e4hrige T\u00e4tigkeit unter Anleitung eines Landschaftsarchitekten (Gartenarchitekten) sowie der Nachweis eigenst\u00e4ndig bearbeiteter Planungsleistungen.<\/p>\n<p>Bis vor wenigen Jahren war es noch \u00fcblich, vor Antritt des Studiums zum Landschafts- und Gartenarchitekten anstatt eines Praktikums eine G\u00e4rtnerlehre (meist im Garten- und Landschaftsbau, Baumschulen oder Staudenbau) zu absolvieren, was auch heute noch von Berufspraktikern empfohlen wird.<\/p>\n<p>Landschaftsarchitekten k\u00f6nnen sowohl freiberuflich als auch angestellt oder beamtet in Verwaltungen oder Organisationen t\u00e4tig sein. Auftraggeber freiberuflicher Landschafts- und Gartenarchitekten sind verschiedenste Beh\u00f6rden und Organisationen oder Privatpersonen.<\/p>\n<p><strong>T\u00e4tigkeitsspektrum<\/strong><\/p>\n<p>Der Landschafts- und Gartenarchitekt befasst sich mit der Gestaltung von Landschaft bzw. der Freir\u00e4ume innerhalb und au\u00dferhalb der St\u00e4dte, D\u00f6rfer und Gemeinden. Dazu erstellt er verschiedene Pl\u00e4ne und begleitet deren praktische Umsetzung, etwa als Bauleiter. Thematisch reicht die Spanne von rein gestalterischen bis hin zu \u00f6kologischen Fragen.<\/p>\n<p>M\u00f6chten Sie Ihre Freifl\u00e4chen, G\u00e4rten oder Grundst\u00fccke professionell und fachkundig umgestalten, dann sollten Sie mit uns zusammenarbeiten. Das B\u00fcro der Landschafts- und Gartenarchitekten Thomas Poser in Leipzig unterst\u00fctzt Sie bei der Planung und Umsetzung Ihrer Vorhaben.<\/p>\n<p>Schauen Sie auf unser <a href=\"https:\/\/nature-project.eu\/freiraeume\/\">Portfolio<\/a> und gewinnen Sie einen \u00dcberblick unserer bisherigen erfolgreichen Arbeit. Nehmen Sie Kontakt mit uns auf: <strong>Telefon: 0341 442 599 86<\/strong> oder scheiben Sie uns eine eMail<\/p>\n<p>Wir freuen uns auf Sie!<\/p>\n<\/div><\/section><br \/>\n\n<style type=\"text\/css\" data-created_by=\"avia_inline_auto\" id=\"style-css-av-jpsdmwxs-c374c00bc9736323eaa8853ea32c271b\">\n.avia-image-container.av-jpsdmwxs-c374c00bc9736323eaa8853ea32c271b img.avia_image{\nbox-shadow:none;\n}\n.avia-image-container.av-jpsdmwxs-c374c00bc9736323eaa8853ea32c271b .av-image-caption-overlay-center{\ncolor:#ffffff;\n}\n<\/style>\n<div  class='avia-image-container av-jpsdmwxs-c374c00bc9736323eaa8853ea32c271b av-styling- avia-align-left  avia-builder-el-8  el_after_av_textblock  el_before_av_hr '   itemprop=\"image\" itemscope=\"itemscope\" itemtype=\"https:\/\/schema.org\/ImageObject\" ><div class=\"avia-image-container-inner\"><div class=\"avia-image-overlay-wrap\"><img decoding=\"async\" fetchpriority=\"high\" class='wp-image-3441 avia-img-lazy-loading-not-3441 avia_image ' src=\"https:\/\/nature-project.eu\/wp-content\/uploads\/2018\/12\/AKS-Stempel_01-300x237.jpg\" alt='Klimatische Wasserbilanz berechnen Leipzig' title='Klimanotstand und  Wasserbilanz berechnen Leipzig'  height=\"237\" width=\"300\"  itemprop=\"thumbnailUrl\" srcset=\"https:\/\/nature-project.eu\/wp-content\/uploads\/2018\/12\/AKS-Stempel_01-300x237.jpg 300w, https:\/\/nature-project.eu\/wp-content\/uploads\/2018\/12\/AKS-Stempel_01-768x607.jpg 768w, https:\/\/nature-project.eu\/wp-content\/uploads\/2018\/12\/AKS-Stempel_01-1030x814.jpg 1030w, https:\/\/nature-project.eu\/wp-content\/uploads\/2018\/12\/AKS-Stempel_01-705x557.jpg 705w, https:\/\/nature-project.eu\/wp-content\/uploads\/2018\/12\/AKS-Stempel_01-450x356.jpg 450w, https:\/\/nature-project.eu\/wp-content\/uploads\/2018\/12\/AKS-Stempel_01.jpg 1200w\" sizes=\"(max-width: 300px) 100vw, 300px\" \/><\/div><\/div><\/div><br \/>\n\n<style type=\"text\/css\" data-created_by=\"avia_inline_auto\" id=\"style-css-av-jp9ng8ul-711e073f4b43887119a485fa613c95af\">\n#top .hr.av-jp9ng8ul-711e073f4b43887119a485fa613c95af{\nmargin-top:5px;\nmargin-bottom:20px;\n}\n.hr.av-jp9ng8ul-711e073f4b43887119a485fa613c95af .hr-inner{\nwidth:400px;\nborder-color:#76a52b;\nmax-width:45%;\n}\n.hr.av-jp9ng8ul-711e073f4b43887119a485fa613c95af .av-seperator-icon{\ncolor:#76a52b;\n}\n.hr.av-jp9ng8ul-711e073f4b43887119a485fa613c95af .av-seperator-icon.avia-svg-icon svg:first-child{\nfill:#76a52b;\nstroke:#76a52b;\n}\n<\/style>\n<div  class='hr av-jp9ng8ul-711e073f4b43887119a485fa613c95af hr-custom  avia-builder-el-9  el_after_av_image  avia-builder-el-last  hr-left hr-icon-yes'><span class='hr-inner inner-border-av-border-thin'><span class=\"hr-inner-style\"><\/span><\/span><span class='av-seperator-icon avia-iconfont avia-font-entypo-fontello' data-av_icon='\ue8b8' data-av_iconfont='entypo-fontello' ><\/span><span class='hr-inner inner-border-av-border-thin'><span class=\"hr-inner-style\"><\/span><\/span><\/div><\/p><\/div>\n","protected":false},"excerpt":{"rendered":"","protected":false},"author":1,"featured_media":0,"parent":0,"menu_order":0,"comment_status":"closed","ping_status":"closed","template":"","meta":{"footnotes":""},"class_list":["post-4524","page","type-page","status-publish","hentry"],"_links":{"self":[{"href":"https:\/\/nature-project.eu\/de\/wp-json\/wp\/v2\/pages\/4524","targetHints":{"allow":["GET"]}}],"collection":[{"href":"https:\/\/nature-project.eu\/de\/wp-json\/wp\/v2\/pages"}],"about":[{"href":"https:\/\/nature-project.eu\/de\/wp-json\/wp\/v2\/types\/page"}],"author":[{"embeddable":true,"href":"https:\/\/nature-project.eu\/de\/wp-json\/wp\/v2\/users\/1"}],"replies":[{"embeddable":true,"href":"https:\/\/nature-project.eu\/de\/wp-json\/wp\/v2\/comments?post=4524"}],"version-history":[{"count":2,"href":"https:\/\/nature-project.eu\/de\/wp-json\/wp\/v2\/pages\/4524\/revisions"}],"predecessor-version":[{"id":8743,"href":"https:\/\/nature-project.eu\/de\/wp-json\/wp\/v2\/pages\/4524\/revisions\/8743"}],"wp:attachment":[{"href":"https:\/\/nature-project.eu\/de\/wp-json\/wp\/v2\/media?parent=4524"}],"curies":[{"name":"wp","href":"https:\/\/api.w.org\/{rel}","templated":true}]}}