{"id":3565,"date":"2018-12-05T15:14:34","date_gmt":"2018-12-05T15:14:34","guid":{"rendered":"https:\/\/nature-project.eu\/?page_id=3565"},"modified":"2018-12-06T13:42:06","modified_gmt":"2018-12-06T13:42:06","slug":"philosophie","status":"publish","type":"page","link":"https:\/\/nature-project.eu\/de\/philosophie\/","title":{"rendered":"B\u00fcro"},"content":{"rendered":"<div id='layer_slider_1'  class='avia-layerslider main_color avia-shadow  avia-builder-el-0  el_before_av_submenu  avia-builder-el-first  container_wrap sidebar_right'  style='height: 291px; max-width: 1410px; margin: 0 auto;'  ><\/div>\n<div id='sub_menu1'  class='av-submenu-container av-jpb5htey-8b51612779db2e317539f7c8241c52a5 main_color av-switch-768  avia-builder-el-1  el_after_av_layerslider  el_before_av_four_fifth  submenu-not-first container_wrap sidebar_right' style='z-index:301' ><div class='container av-menu-mobile-active av-submenu-pos-center'><a href=\"#\" class=\"mobile_menu_toggle\"><span class='avia-svg-icon avia-font-svg_entypo-fontello' data-av_svg_icon='list' data-av_iconset='svg_entypo-fontello'><svg version=\"1.1\" xmlns=\"http:\/\/www.w3.org\/2000\/svg\" width=\"22\" height=\"32\" viewBox=\"0 0 22 32\" preserveAspectRatio=\"xMidYMid meet\" aria-labelledby='av-svg-title-1' aria-describedby='av-svg-desc-1' role=\"graphics-symbol\" aria-hidden=\"true\">\n<title id='av-svg-title-1'>List<\/title>\n<desc id='av-svg-desc-1'>List<\/desc>\n<path d=\"M3.2 20.8q0.64 0 1.12 0.48t0.48 1.12-0.48 1.12-1.12 0.48h-1.6q-0.64 0-1.12-0.48t-0.48-1.12 0.448-1.12 1.152-0.48h1.6zM3.2 14.4q0.64 0 1.12 0.48t0.48 1.12-0.48 1.12-1.12 0.48h-1.6q-0.64 0-1.12-0.48t-0.48-1.12 0.448-1.12 1.152-0.48h1.6zM3.2 8q0.64 0 1.12 0.48t0.48 1.12-0.48 1.12-1.12 0.48h-1.6q-0.64 0-1.12-0.48t-0.48-1.12 0.448-1.12 1.152-0.48h1.6zM9.6 11.2q-0.64 0-1.12-0.48t-0.48-1.12 0.48-1.12 1.12-0.48h11.2q0.704 0 1.152 0.48t0.448 1.12-0.48 1.12-1.12 0.48h-11.2zM20.8 14.4q0.704 0 1.152 0.48t0.448 1.12-0.48 1.12-1.12 0.48h-11.2q-0.64 0-1.12-0.48t-0.48-1.12 0.48-1.12 1.12-0.48h11.2zM20.8 20.8q0.704 0 1.152 0.48t0.448 1.12-0.48 1.12-1.12 0.48h-11.2q-0.64 0-1.12-0.48t-0.48-1.12 0.48-1.12 1.12-0.48h11.2z\"><\/path>\n<\/svg><\/span><span class=\"av-current-placeholder\">Men\u00fc<\/span><\/a><ul id=\"menu-buero\" class=\"av-subnav-menu\" role=\"menu\"><li role=\"menuitem\" id=\"menu-item-3567\" class=\"menu-item menu-item-type-post_type menu-item-object-page menu-item-top-level menu-item-top-level-1\"><a href=\"https:\/\/nature-project.eu\/de\/philosophie\/\" itemprop=\"url\" tabindex=\"0\"><span class=\"avia-bullet\"><\/span><span class=\"avia-menu-text\">Philosophie<\/span><span class=\"avia-menu-fx\"><span class=\"avia-arrow-wrap\"><span class=\"avia-arrow\"><\/span><\/span><\/span><\/a><\/li>\n<li role=\"menuitem\" id=\"menu-item-3574\" class=\"menu-item menu-item-type-post_type menu-item-object-page menu-item-top-level menu-item-top-level-2\"><a href=\"https:\/\/nature-project.eu\/de\/leistungen\/\" itemprop=\"url\" tabindex=\"0\"><span class=\"avia-bullet\"><\/span><span class=\"avia-menu-text\">Leistungen<\/span><span class=\"avia-menu-fx\"><span class=\"avia-arrow-wrap\"><span class=\"avia-arrow\"><\/span><\/span><\/span><\/a><\/li>\n<li role=\"menuitem\" id=\"menu-item-3583\" class=\"menu-item menu-item-type-post_type menu-item-object-page menu-item-top-level menu-item-top-level-3\"><a href=\"https:\/\/nature-project.eu\/de\/vita\/\" itemprop=\"url\" tabindex=\"0\"><span class=\"avia-bullet\"><\/span><span class=\"avia-menu-text\">Vita<\/span><span class=\"avia-menu-fx\"><span class=\"avia-arrow-wrap\"><span class=\"avia-arrow\"><\/span><\/span><\/span><\/a><\/li>\n<li role=\"menuitem\" id=\"menu-item-3630\" class=\"menu-item menu-item-type-post_type menu-item-object-page menu-item-top-level menu-item-top-level-4\"><a href=\"https:\/\/nature-project.eu\/de\/ausstattung\/\" itemprop=\"url\" tabindex=\"0\"><span class=\"avia-bullet\"><\/span><span class=\"avia-menu-text\">Ausstattung<\/span><span class=\"avia-menu-fx\"><span class=\"avia-arrow-wrap\"><span class=\"avia-arrow\"><\/span><\/span><\/span><\/a><\/li>\n<\/ul><\/div><\/div><div id='after_submenu_1'  class='main_color av_default_container_wrap container_wrap sidebar_right'  ><div class='container av-section-cont-open' ><div class='template-page content  av-content-small alpha units'><div class='post-entry post-entry-type-page post-entry-3565'><div class='entry-content-wrapper clearfix'>\n\n<style type=\"text\/css\" data-created_by=\"avia_inline_auto\" id=\"style-css-av-315olg-16ac93da7fa00ef200e97182f03ab985\">\n.flex_column.av-315olg-16ac93da7fa00ef200e97182f03ab985{\nborder-radius:0px 0px 0px 0px;\npadding:0px 0px 0px 0px;\n}\n<\/style>\n<div  class='flex_column av-315olg-16ac93da7fa00ef200e97182f03ab985 av_four_fifth  avia-builder-el-2  el_after_av_submenu  avia-builder-el-no-sibling  first flex_column_div av-zero-column-padding  '     ><p>\n<style type=\"text\/css\" data-created_by=\"avia_inline_auto\" id=\"style-css-av-6kz8nx-44cec717f5f92e242a04ab2a11f638bf\">\n#top .av-special-heading.av-6kz8nx-44cec717f5f92e242a04ab2a11f638bf{\npadding-bottom:10px;\ncolor:#76a52b;\n}\nbody .av-special-heading.av-6kz8nx-44cec717f5f92e242a04ab2a11f638bf .av-special-heading-tag .heading-char{\nfont-size:25px;\n}\n#top #wrap_all .av-special-heading.av-6kz8nx-44cec717f5f92e242a04ab2a11f638bf .av-special-heading-tag{\nfont-size:28px;\n}\n.av-special-heading.av-6kz8nx-44cec717f5f92e242a04ab2a11f638bf .special-heading-inner-border{\nborder-color:#76a52b;\n}\n.av-special-heading.av-6kz8nx-44cec717f5f92e242a04ab2a11f638bf .av-subheading{\nfont-size:15px;\n}\n<\/style>\n<div  class='av-special-heading av-6kz8nx-44cec717f5f92e242a04ab2a11f638bf av-special-heading-h1 custom-color-heading  avia-builder-el-3  el_before_av_heading  avia-builder-el-first '><h1 class='av-special-heading-tag '  itemprop=\"headline\"  >Philosophie<\/h1><div class=\"special-heading-border\"><div class=\"special-heading-inner-border\"><\/div><\/div><\/div><br \/>\n\n<style type=\"text\/css\" data-created_by=\"avia_inline_auto\" id=\"style-css-av-3qcyu5-d216d3d4f3ce218bf45d0bf6f55e5ac5\">\n#top .av-special-heading.av-3qcyu5-d216d3d4f3ce218bf45d0bf6f55e5ac5{\npadding-bottom:10px;\ncolor:#76a52b;\nfont-size:28px;\n}\nbody .av-special-heading.av-3qcyu5-d216d3d4f3ce218bf45d0bf6f55e5ac5 .av-special-heading-tag .heading-char{\nfont-size:25px;\n}\n#top #wrap_all .av-special-heading.av-3qcyu5-d216d3d4f3ce218bf45d0bf6f55e5ac5 .av-special-heading-tag{\nfont-size:28px;\n}\n.av-special-heading.av-3qcyu5-d216d3d4f3ce218bf45d0bf6f55e5ac5 .special-heading-inner-border{\nborder-color:#76a52b;\n}\n.av-special-heading.av-3qcyu5-d216d3d4f3ce218bf45d0bf6f55e5ac5 .av-subheading{\nfont-size:15px;\n}\n\n@media only screen and (min-width: 480px) and (max-width: 767px){ \n#top #wrap_all .av-special-heading.av-3qcyu5-d216d3d4f3ce218bf45d0bf6f55e5ac5 .av-special-heading-tag{\nfont-size:0.8em;\n}\n}\n\n@media only screen and (max-width: 479px){ \n#top #wrap_all .av-special-heading.av-3qcyu5-d216d3d4f3ce218bf45d0bf6f55e5ac5 .av-special-heading-tag{\nfont-size:0.8em;\n}\n}\n<\/style>\n<div  class='av-special-heading av-3qcyu5-d216d3d4f3ce218bf45d0bf6f55e5ac5 av-special-heading-h2 custom-color-heading blockquote modern-quote  avia-builder-el-4  el_after_av_heading  el_before_av_hr  av-inherit-size'><h2 class='av-special-heading-tag '  itemprop=\"headline\"  >Wof\u00fcr stehen wir?<\/h2><div class=\"special-heading-border\"><div class=\"special-heading-inner-border\"><\/div><\/div><\/div><br \/>\n\n<style type=\"text\/css\" data-created_by=\"avia_inline_auto\" id=\"style-css-av-jp9ng8ul-711e073f4b43887119a485fa613c95af\">\n#top .hr.av-jp9ng8ul-711e073f4b43887119a485fa613c95af{\nmargin-top:5px;\nmargin-bottom:20px;\n}\n.hr.av-jp9ng8ul-711e073f4b43887119a485fa613c95af .hr-inner{\nwidth:400px;\nborder-color:#76a52b;\nmax-width:45%;\n}\n.hr.av-jp9ng8ul-711e073f4b43887119a485fa613c95af .av-seperator-icon{\ncolor:#76a52b;\n}\n.hr.av-jp9ng8ul-711e073f4b43887119a485fa613c95af .av-seperator-icon.avia-svg-icon svg:first-child{\nfill:#76a52b;\nstroke:#76a52b;\n}\n<\/style>\n<div  class='hr av-jp9ng8ul-711e073f4b43887119a485fa613c95af hr-custom  avia-builder-el-5  el_after_av_heading  el_before_av_textblock  hr-left hr-icon-yes'><span class='hr-inner inner-border-av-border-thin'><span class=\"hr-inner-style\"><\/span><\/span><span class='av-seperator-icon avia-iconfont avia-font-entypo-fontello' data-av_icon='\ue8b8' data-av_iconfont='entypo-fontello' ><\/span><span class='hr-inner inner-border-av-border-thin'><span class=\"hr-inner-style\"><\/span><\/span><\/div><br \/>\n<section  class='av_textblock_section av-jp8i1zm4-57d9a62b2794672ea145743ade24c763 '   itemscope=\"itemscope\" itemtype=\"https:\/\/schema.org\/CreativeWork\" ><div class='avia_textblock'  itemprop=\"text\" ><p>Bei der planerischen Umsetzung der gestellten Zielvorgaben ist die Einheit von \u00c4sthetik und Funktionalit\u00e4t im Rahmen der finanziellen M\u00f6glichkeiten unserer Auftraggeber stets das oberste Ziel.<\/p>\n<p>Die Finanzmittel so effektiv wie m\u00f6glich einzusetzen ist eine weitere Maxime des B\u00fcros.<\/p>\n<p>Ma\u00dfgebend ist dabei die Erarbeitung des optimalen Gestaltungs- und Nutzwertes.<\/p>\n<p>Die planerische Ber\u00fccksichtigung von Pflege- und Folgekosten ist hier selbstverst\u00e4ndlich.<\/p>\n<p>Mit Restriktionen wird kreativ umgegangen; schwierige Standorte werden als Herausforderung begriffen.<\/p>\n<\/div><\/section><br \/>\n\n<style type=\"text\/css\" data-created_by=\"avia_inline_auto\" id=\"style-css-av-2keju5-bb8391dbefd6fb7e28014321810d9229\">\n#top .av-special-heading.av-2keju5-bb8391dbefd6fb7e28014321810d9229{\nmargin:30px 0 0 0;\npadding-bottom:0;\ncolor:#76a52b;\n}\nbody .av-special-heading.av-2keju5-bb8391dbefd6fb7e28014321810d9229 .av-special-heading-tag .heading-char{\nfont-size:25px;\n}\n.av-special-heading.av-2keju5-bb8391dbefd6fb7e28014321810d9229 .special-heading-inner-border{\nborder-color:#76a52b;\n}\n.av-special-heading.av-2keju5-bb8391dbefd6fb7e28014321810d9229 .av-subheading{\nfont-size:15px;\n}\n<\/style>\n<div  class='av-special-heading av-2keju5-bb8391dbefd6fb7e28014321810d9229 av-special-heading-h3 custom-color-heading blockquote modern-quote  avia-builder-el-7  el_after_av_textblock  el_before_av_textblock '><h3 class='av-special-heading-tag '  itemprop=\"headline\"  >Wie erreichen wir unser Ziel?<\/h3><div class=\"special-heading-border\"><div class=\"special-heading-inner-border\"><\/div><\/div><\/div><br \/>\n<section  class='av_textblock_section av-jp8i1zm4-57d9a62b2794672ea145743ade24c763 '   itemscope=\"itemscope\" itemtype=\"https:\/\/schema.org\/CreativeWork\" ><div class='avia_textblock'  itemprop=\"text\" ><p>Parzellenscharfe Planungen, computergest\u00fctzte Massen- und Mengenermittlungen<br \/>\nund normgerechte Ausschreibungsunterlagen geben ein hohes Ma\u00df an finanzieller Sichertheit.<\/p>\n<p>Ein effektives Projektmanagement der Planungs- und Realisierungsphasen<br \/>\nsichert die termingerechte Fertigstellung des Objektes.<\/p>\n<p>Projekt- und Bauablaufpl\u00e4ne werden konsequent umgesetzt.<\/p>\n<p>Alle Planungsphasen werden einer kontinuierlichen Kostenkontrolle unterzogen.<\/p>\n<p>St\u00e4ndige Kostenprognosen w\u00e4hrend der Bauabwicklung garantieren,<br \/>\ndass keine unkontrollierbaren Entwicklungen aufgrund unbekannter Bedingungen auftreten.<\/p>\n<p>Daf\u00fcr stehen wir.<\/p>\n<p>Ihr Team von nature-project-landschaftsarchitekten<\/p>\n<div><strong>Thomas Poser<\/strong><\/div>\n<div>Diplom-Ingenieur Landschaftsarchitekt<\/div>\n<\/div><\/section><br \/>\n\n<style type=\"text\/css\" data-created_by=\"avia_inline_auto\" id=\"style-css-av-jp9n8y7m-e80d9ba94ecb225cfd65fabee13befa5\">\n.avia-image-container.av-jp9n8y7m-e80d9ba94ecb225cfd65fabee13befa5 img.avia_image{\nbox-shadow:none;\n}\n.avia-image-container.av-jp9n8y7m-e80d9ba94ecb225cfd65fabee13befa5 .av-image-caption-overlay-center{\ncolor:#ffffff;\n}\n<\/style>\n<div  class='avia-image-container av-jp9n8y7m-e80d9ba94ecb225cfd65fabee13befa5 av-styling- avia_animated_image av-animated-when-visible-95 pop-up avia-align-left  avia-builder-el-9  el_after_av_textblock  el_before_av_hr '   itemprop=\"image\" itemscope=\"itemscope\" itemtype=\"https:\/\/schema.org\/ImageObject\" ><div class=\"avia-image-container-inner\"><div class=\"avia-image-overlay-wrap\"><img decoding=\"async\" fetchpriority=\"high\" class='wp-image-3441 avia-img-lazy-loading-not-3441 avia_image ' src=\"https:\/\/nature-project.eu\/wp-content\/uploads\/2018\/12\/AKS-Stempel_01-300x237.jpg\" alt='Klimatische Wasserbilanz berechnen Leipzig' title='Klimanotstand und  Wasserbilanz berechnen Leipzig'  height=\"237\" width=\"300\"  itemprop=\"thumbnailUrl\" srcset=\"https:\/\/nature-project.eu\/wp-content\/uploads\/2018\/12\/AKS-Stempel_01-300x237.jpg 300w, https:\/\/nature-project.eu\/wp-content\/uploads\/2018\/12\/AKS-Stempel_01-768x607.jpg 768w, https:\/\/nature-project.eu\/wp-content\/uploads\/2018\/12\/AKS-Stempel_01-1030x814.jpg 1030w, https:\/\/nature-project.eu\/wp-content\/uploads\/2018\/12\/AKS-Stempel_01-705x557.jpg 705w, https:\/\/nature-project.eu\/wp-content\/uploads\/2018\/12\/AKS-Stempel_01-450x356.jpg 450w, https:\/\/nature-project.eu\/wp-content\/uploads\/2018\/12\/AKS-Stempel_01.jpg 1200w\" sizes=\"(max-width: 300px) 100vw, 300px\" \/><\/div><\/div><\/div><br \/>\n\n<style type=\"text\/css\" data-created_by=\"avia_inline_auto\" id=\"style-css-av-jp9ng8ul-98a898ad4eeba8a0b3ddd3a6e206a548\">\n#top .hr.av-jp9ng8ul-98a898ad4eeba8a0b3ddd3a6e206a548{\nmargin-top:35px;\nmargin-bottom:20px;\n}\n.hr.av-jp9ng8ul-98a898ad4eeba8a0b3ddd3a6e206a548 .hr-inner{\nwidth:400px;\nborder-color:#76a52b;\nmax-width:45%;\n}\n.hr.av-jp9ng8ul-98a898ad4eeba8a0b3ddd3a6e206a548 .av-seperator-icon{\ncolor:#76a52b;\n}\n.hr.av-jp9ng8ul-98a898ad4eeba8a0b3ddd3a6e206a548 .av-seperator-icon.avia-svg-icon svg:first-child{\nfill:#76a52b;\nstroke:#76a52b;\n}\n<\/style>\n<div  class='hr av-jp9ng8ul-98a898ad4eeba8a0b3ddd3a6e206a548 hr-custom  avia-builder-el-10  el_after_av_image  avia-builder-el-last  hr-left hr-icon-yes'><span class='hr-inner inner-border-av-border-thin'><span class=\"hr-inner-style\"><\/span><\/span><span class='av-seperator-icon avia-iconfont avia-font-entypo-fontello' data-av_icon='\ue8b8' data-av_iconfont='entypo-fontello' ><\/span><span class='hr-inner inner-border-av-border-thin'><span class=\"hr-inner-style\"><\/span><\/span><\/div><\/p><\/div>\n","protected":false},"excerpt":{"rendered":"","protected":false},"author":1,"featured_media":0,"parent":0,"menu_order":0,"comment_status":"closed","ping_status":"closed","template":"","meta":{"footnotes":""},"class_list":["post-3565","page","type-page","status-publish","hentry"],"_links":{"self":[{"href":"https:\/\/nature-project.eu\/de\/wp-json\/wp\/v2\/pages\/3565","targetHints":{"allow":["GET"]}}],"collection":[{"href":"https:\/\/nature-project.eu\/de\/wp-json\/wp\/v2\/pages"}],"about":[{"href":"https:\/\/nature-project.eu\/de\/wp-json\/wp\/v2\/types\/page"}],"author":[{"embeddable":true,"href":"https:\/\/nature-project.eu\/de\/wp-json\/wp\/v2\/users\/1"}],"replies":[{"embeddable":true,"href":"https:\/\/nature-project.eu\/de\/wp-json\/wp\/v2\/comments?post=3565"}],"version-history":[{"count":0,"href":"https:\/\/nature-project.eu\/de\/wp-json\/wp\/v2\/pages\/3565\/revisions"}],"wp:attachment":[{"href":"https:\/\/nature-project.eu\/de\/wp-json\/wp\/v2\/media?parent=3565"}],"curies":[{"name":"wp","href":"https:\/\/api.w.org\/{rel}","templated":true}]}}