{"id":3317,"date":"2018-12-03T16:14:24","date_gmt":"2018-12-03T16:14:24","guid":{"rendered":"https:\/\/nature-project.eu\/?page_id=3317"},"modified":"2021-12-24T13:31:34","modified_gmt":"2021-12-24T13:31:34","slug":"id-2017","status":"publish","type":"page","link":"https:\/\/nature-project.eu\/de\/id-2017\/","title":{"rendered":"2017"},"content":{"rendered":"<div id='layer_slider_1'  class='avia-layerslider main_color avia-shadow  avia-builder-el-0  el_before_av_submenu  avia-builder-el-first  container_wrap sidebar_right'  style='height: 291px; max-width: 1410px; margin: 0 auto;'  ><\/div>\n<div id='sub_menu1'  class='av-submenu-container av-jpb5htey-0feedadb1958c2d154f003359dc4a1ad main_color av-switch-768  avia-builder-el-1  el_after_av_layerslider  el_before_av_four_fifth  submenu-not-first container_wrap sidebar_right' style='z-index:301' ><div class='container av-menu-mobile-active av-submenu-pos-center'><a href=\"#\" class=\"mobile_menu_toggle\"><span class='avia-svg-icon avia-font-svg_entypo-fontello' data-av_svg_icon='list' data-av_iconset='svg_entypo-fontello'><svg version=\"1.1\" xmlns=\"http:\/\/www.w3.org\/2000\/svg\" width=\"22\" height=\"32\" viewBox=\"0 0 22 32\" preserveAspectRatio=\"xMidYMid meet\" aria-labelledby='av-svg-title-1' aria-describedby='av-svg-desc-1' role=\"graphics-symbol\" aria-hidden=\"true\">\n<title id='av-svg-title-1'>List<\/title>\n<desc id='av-svg-desc-1'>List<\/desc>\n<path d=\"M3.2 20.8q0.64 0 1.12 0.48t0.48 1.12-0.48 1.12-1.12 0.48h-1.6q-0.64 0-1.12-0.48t-0.48-1.12 0.448-1.12 1.152-0.48h1.6zM3.2 14.4q0.64 0 1.12 0.48t0.48 1.12-0.48 1.12-1.12 0.48h-1.6q-0.64 0-1.12-0.48t-0.48-1.12 0.448-1.12 1.152-0.48h1.6zM3.2 8q0.64 0 1.12 0.48t0.48 1.12-0.48 1.12-1.12 0.48h-1.6q-0.64 0-1.12-0.48t-0.48-1.12 0.448-1.12 1.152-0.48h1.6zM9.6 11.2q-0.64 0-1.12-0.48t-0.48-1.12 0.48-1.12 1.12-0.48h11.2q0.704 0 1.152 0.48t0.448 1.12-0.48 1.12-1.12 0.48h-11.2zM20.8 14.4q0.704 0 1.152 0.48t0.448 1.12-0.48 1.12-1.12 0.48h-11.2q-0.64 0-1.12-0.48t-0.48-1.12 0.48-1.12 1.12-0.48h11.2zM20.8 20.8q0.704 0 1.152 0.48t0.448 1.12-0.48 1.12-1.12 0.48h-11.2q-0.64 0-1.12-0.48t-0.48-1.12 0.48-1.12 1.12-0.48h11.2z\"><\/path>\n<\/svg><\/span><span class=\"av-current-placeholder\">Men\u00fc<\/span><\/a><ul id=\"menu-aktuelles\" class=\"av-subnav-menu\" role=\"menu\"><li role=\"menuitem\" id=\"menu-item-3316\" class=\"menu-item menu-item-type-post_type menu-item-object-page menu-item-top-level menu-item-top-level-1\"><a href=\"https:\/\/nature-project.eu\/de\/aktuelles\/\" itemprop=\"url\" tabindex=\"0\"><span class=\"avia-bullet\"><\/span><span class=\"avia-menu-text\">Aktuelles<\/span><span class=\"avia-menu-fx\"><span class=\"avia-arrow-wrap\"><span class=\"avia-arrow\"><\/span><\/span><\/span><\/a><\/li>\n<li role=\"menuitem\" id=\"menu-item-8393\" class=\"menu-item menu-item-type-post_type menu-item-object-page menu-item-top-level menu-item-top-level-2\"><a href=\"https:\/\/nature-project.eu\/de\/id-2025\/\" itemprop=\"url\" tabindex=\"0\"><span class=\"avia-bullet\"><\/span><span class=\"avia-menu-text\">2025<\/span><span class=\"avia-menu-fx\"><span class=\"avia-arrow-wrap\"><span class=\"avia-arrow\"><\/span><\/span><\/span><\/a><\/li>\n<li role=\"menuitem\" id=\"menu-item-8353\" class=\"menu-item menu-item-type-post_type menu-item-object-page menu-item-top-level menu-item-top-level-3\"><a href=\"https:\/\/nature-project.eu\/de\/id-2024\/\" itemprop=\"url\" tabindex=\"0\"><span class=\"avia-bullet\"><\/span><span class=\"avia-menu-text\">2024<\/span><span class=\"avia-menu-fx\"><span class=\"avia-arrow-wrap\"><span class=\"avia-arrow\"><\/span><\/span><\/span><\/a><\/li>\n<li role=\"menuitem\" id=\"menu-item-8310\" class=\"menu-item menu-item-type-post_type menu-item-object-page menu-item-top-level menu-item-top-level-4\"><a href=\"https:\/\/nature-project.eu\/de\/id-2023\/\" itemprop=\"url\" tabindex=\"0\"><span class=\"avia-bullet\"><\/span><span class=\"avia-menu-text\">2023<\/span><span class=\"avia-menu-fx\"><span class=\"avia-arrow-wrap\"><span class=\"avia-arrow\"><\/span><\/span><\/span><\/a><\/li>\n<li role=\"menuitem\" id=\"menu-item-7922\" class=\"menu-item menu-item-type-post_type menu-item-object-page menu-item-top-level menu-item-top-level-5\"><a href=\"https:\/\/nature-project.eu\/de\/id-2022\/\" itemprop=\"url\" tabindex=\"0\"><span class=\"avia-bullet\"><\/span><span class=\"avia-menu-text\">2022<\/span><span class=\"avia-menu-fx\"><span class=\"avia-arrow-wrap\"><span class=\"avia-arrow\"><\/span><\/span><\/span><\/a><\/li>\n<li role=\"menuitem\" id=\"menu-item-6027\" class=\"menu-item menu-item-type-post_type menu-item-object-page menu-item-top-level menu-item-top-level-6\"><a href=\"https:\/\/nature-project.eu\/de\/id-2021\/\" itemprop=\"url\" tabindex=\"0\"><span class=\"avia-bullet\"><\/span><span class=\"avia-menu-text\">2021<\/span><span class=\"avia-menu-fx\"><span class=\"avia-arrow-wrap\"><span class=\"avia-arrow\"><\/span><\/span><\/span><\/a><\/li>\n<li role=\"menuitem\" id=\"menu-item-5996\" class=\"menu-item menu-item-type-post_type menu-item-object-page menu-item-top-level menu-item-top-level-7\"><a href=\"https:\/\/nature-project.eu\/de\/id-2020\/\" itemprop=\"url\" tabindex=\"0\"><span class=\"avia-bullet\"><\/span><span class=\"avia-menu-text\">2020<\/span><span class=\"avia-menu-fx\"><span class=\"avia-arrow-wrap\"><span class=\"avia-arrow\"><\/span><\/span><\/span><\/a><\/li>\n<li role=\"menuitem\" id=\"menu-item-5062\" class=\"menu-item menu-item-type-post_type menu-item-object-page menu-item-top-level menu-item-top-level-8\"><a href=\"https:\/\/nature-project.eu\/de\/id-2019\/\" itemprop=\"url\" tabindex=\"0\"><span class=\"avia-bullet\"><\/span><span class=\"avia-menu-text\">2019<\/span><span class=\"avia-menu-fx\"><span class=\"avia-arrow-wrap\"><span class=\"avia-arrow\"><\/span><\/span><\/span><\/a><\/li>\n<li role=\"menuitem\" id=\"menu-item-5061\" class=\"menu-item menu-item-type-post_type menu-item-object-page menu-item-top-level menu-item-top-level-9\"><a href=\"https:\/\/nature-project.eu\/de\/id-2018\/\" itemprop=\"url\" tabindex=\"0\"><span class=\"avia-bullet\"><\/span><span class=\"avia-menu-text\">2018<\/span><span class=\"avia-menu-fx\"><span class=\"avia-arrow-wrap\"><span class=\"avia-arrow\"><\/span><\/span><\/span><\/a><\/li>\n<li role=\"menuitem\" id=\"menu-item-3321\" class=\"menu-item menu-item-type-post_type menu-item-object-page menu-item-top-level menu-item-top-level-10\"><a href=\"https:\/\/nature-project.eu\/de\/id-2017\/\" itemprop=\"url\" tabindex=\"0\"><span class=\"avia-bullet\"><\/span><span class=\"avia-menu-text\">2017<\/span><span class=\"avia-menu-fx\"><span class=\"avia-arrow-wrap\"><span class=\"avia-arrow\"><\/span><\/span><\/span><\/a><\/li>\n<li role=\"menuitem\" id=\"menu-item-3501\" class=\"menu-item menu-item-type-post_type menu-item-object-page menu-item-top-level menu-item-top-level-11\"><a href=\"https:\/\/nature-project.eu\/de\/id-2016\/\" itemprop=\"url\" tabindex=\"0\"><span class=\"avia-bullet\"><\/span><span class=\"avia-menu-text\">2016<\/span><span class=\"avia-menu-fx\"><span class=\"avia-arrow-wrap\"><span class=\"avia-arrow\"><\/span><\/span><\/span><\/a><\/li>\n<li role=\"menuitem\" id=\"menu-item-3500\" class=\"menu-item menu-item-type-post_type menu-item-object-page menu-item-top-level menu-item-top-level-12\"><a href=\"https:\/\/nature-project.eu\/de\/id-2015\/\" itemprop=\"url\" tabindex=\"0\"><span class=\"avia-bullet\"><\/span><span class=\"avia-menu-text\">2015<\/span><span class=\"avia-menu-fx\"><span class=\"avia-arrow-wrap\"><span class=\"avia-arrow\"><\/span><\/span><\/span><\/a><\/li>\n<li role=\"menuitem\" id=\"menu-item-3499\" class=\"menu-item menu-item-type-post_type menu-item-object-page menu-item-top-level menu-item-top-level-13\"><a href=\"https:\/\/nature-project.eu\/de\/id-2014\/\" itemprop=\"url\" tabindex=\"0\"><span class=\"avia-bullet\"><\/span><span class=\"avia-menu-text\">2014<\/span><span class=\"avia-menu-fx\"><span class=\"avia-arrow-wrap\"><span class=\"avia-arrow\"><\/span><\/span><\/span><\/a><\/li>\n<li role=\"menuitem\" id=\"menu-item-3498\" class=\"menu-item menu-item-type-post_type menu-item-object-page menu-item-top-level menu-item-top-level-14\"><a href=\"https:\/\/nature-project.eu\/de\/id-2013\/\" itemprop=\"url\" tabindex=\"0\"><span class=\"avia-bullet\"><\/span><span class=\"avia-menu-text\">2013<\/span><span class=\"avia-menu-fx\"><span class=\"avia-arrow-wrap\"><span class=\"avia-arrow\"><\/span><\/span><\/span><\/a><\/li>\n<li role=\"menuitem\" id=\"menu-item-3497\" class=\"menu-item menu-item-type-post_type menu-item-object-page menu-item-top-level menu-item-top-level-15\"><a href=\"https:\/\/nature-project.eu\/de\/id-2012\/\" itemprop=\"url\" tabindex=\"0\"><span class=\"avia-bullet\"><\/span><span class=\"avia-menu-text\">2012<\/span><span class=\"avia-menu-fx\"><span class=\"avia-arrow-wrap\"><span class=\"avia-arrow\"><\/span><\/span><\/span><\/a><\/li>\n<li role=\"menuitem\" id=\"menu-item-3496\" class=\"menu-item menu-item-type-post_type menu-item-object-page menu-item-top-level menu-item-top-level-16\"><a href=\"https:\/\/nature-project.eu\/de\/id-2011\/\" itemprop=\"url\" tabindex=\"0\"><span class=\"avia-bullet\"><\/span><span class=\"avia-menu-text\">2011<\/span><span class=\"avia-menu-fx\"><span class=\"avia-arrow-wrap\"><span class=\"avia-arrow\"><\/span><\/span><\/span><\/a><\/li>\n<li role=\"menuitem\" id=\"menu-item-3495\" class=\"menu-item menu-item-type-post_type menu-item-object-page menu-item-top-level menu-item-top-level-17\"><a href=\"https:\/\/nature-project.eu\/de\/presse\/\" itemprop=\"url\" tabindex=\"0\"><span class=\"avia-bullet\"><\/span><span class=\"avia-menu-text\">Presse<\/span><span class=\"avia-menu-fx\"><span class=\"avia-arrow-wrap\"><span class=\"avia-arrow\"><\/span><\/span><\/span><\/a><\/li>\n<\/ul><\/div><\/div><div id='after_submenu_1'  class='main_color av_default_container_wrap container_wrap sidebar_right'  ><div class='container av-section-cont-open' ><div class='template-page content  av-content-small alpha units'><div class='post-entry post-entry-type-page post-entry-3317'><div class='entry-content-wrapper clearfix'>\n\n<style type=\"text\/css\" data-created_by=\"avia_inline_auto\" id=\"style-css-av-315olg-16ac93da7fa00ef200e97182f03ab985\">\n.flex_column.av-315olg-16ac93da7fa00ef200e97182f03ab985{\nborder-radius:0px 0px 0px 0px;\npadding:0px 0px 0px 0px;\n}\n<\/style>\n<div  class='flex_column av-315olg-16ac93da7fa00ef200e97182f03ab985 av_four_fifth  avia-builder-el-2  el_after_av_submenu  avia-builder-el-no-sibling  first flex_column_div av-zero-column-padding  '     ><p>\n<style type=\"text\/css\" data-created_by=\"avia_inline_auto\" id=\"style-css-av-av_heading-84d4831ab21dcb69d20c7d8d389e9404\">\n#top .av-special-heading.av-av_heading-84d4831ab21dcb69d20c7d8d389e9404{\npadding-bottom:10px;\ncolor:#76a52b;\n}\nbody .av-special-heading.av-av_heading-84d4831ab21dcb69d20c7d8d389e9404 .av-special-heading-tag .heading-char{\nfont-size:25px;\n}\n#top #wrap_all .av-special-heading.av-av_heading-84d4831ab21dcb69d20c7d8d389e9404 .av-special-heading-tag{\nfont-size:28px;\n}\n.av-special-heading.av-av_heading-84d4831ab21dcb69d20c7d8d389e9404 .special-heading-inner-border{\nborder-color:#76a52b;\n}\n.av-special-heading.av-av_heading-84d4831ab21dcb69d20c7d8d389e9404 .av-subheading{\nfont-size:15px;\n}\n<\/style>\n<div  class='av-special-heading av-av_heading-84d4831ab21dcb69d20c7d8d389e9404 av-special-heading-h1 custom-color-heading  avia-builder-el-3  el_before_av_heading  avia-builder-el-first '><h1 class='av-special-heading-tag '  itemprop=\"headline\"  >2017<\/h1><div class=\"special-heading-border\"><div class=\"special-heading-inner-border\"><\/div><\/div><\/div><br \/>\n\n<style type=\"text\/css\" data-created_by=\"avia_inline_auto\" id=\"style-css-av-jpdz16hw-8ac28bc4167d77b7a084bed8fc532bdc\">\n#top .av-special-heading.av-jpdz16hw-8ac28bc4167d77b7a084bed8fc532bdc{\npadding-bottom:10px;\ncolor:#76a52b;\nfont-size:27px;\n}\nbody .av-special-heading.av-jpdz16hw-8ac28bc4167d77b7a084bed8fc532bdc .av-special-heading-tag .heading-char{\nfont-size:25px;\n}\n#top #wrap_all .av-special-heading.av-jpdz16hw-8ac28bc4167d77b7a084bed8fc532bdc .av-special-heading-tag{\nfont-size:27px;\n}\n.av-special-heading.av-jpdz16hw-8ac28bc4167d77b7a084bed8fc532bdc .special-heading-inner-border{\nborder-color:#76a52b;\n}\n.av-special-heading.av-jpdz16hw-8ac28bc4167d77b7a084bed8fc532bdc .av-subheading{\nfont-size:15px;\n}\n\n@media only screen and (min-width: 480px) and (max-width: 767px){ \n#top #wrap_all .av-special-heading.av-jpdz16hw-8ac28bc4167d77b7a084bed8fc532bdc .av-special-heading-tag{\nfont-size:0.8em;\n}\n}\n\n@media only screen and (max-width: 479px){ \n#top #wrap_all .av-special-heading.av-jpdz16hw-8ac28bc4167d77b7a084bed8fc532bdc .av-special-heading-tag{\nfont-size:0.8em;\n}\n}\n<\/style>\n<div  class='av-special-heading av-jpdz16hw-8ac28bc4167d77b7a084bed8fc532bdc av-special-heading-h2 custom-color-heading blockquote modern-quote  avia-builder-el-4  el_after_av_heading  el_before_av_hr  h2special av-inherit-size'><h2 class='av-special-heading-tag '  itemprop=\"headline\"  >Interesse an Gartenplanungen in Leipzig ungebrochen hoch <\/h2><div class=\"special-heading-border\"><div class=\"special-heading-inner-border\"><\/div><\/div><\/div><br \/>\n\n<style type=\"text\/css\" data-created_by=\"avia_inline_auto\" id=\"style-css-av-jp9ng8ul-711e073f4b43887119a485fa613c95af\">\n#top .hr.av-jp9ng8ul-711e073f4b43887119a485fa613c95af{\nmargin-top:5px;\nmargin-bottom:20px;\n}\n.hr.av-jp9ng8ul-711e073f4b43887119a485fa613c95af .hr-inner{\nwidth:400px;\nborder-color:#76a52b;\nmax-width:45%;\n}\n.hr.av-jp9ng8ul-711e073f4b43887119a485fa613c95af .av-seperator-icon{\ncolor:#76a52b;\n}\n.hr.av-jp9ng8ul-711e073f4b43887119a485fa613c95af .av-seperator-icon.avia-svg-icon svg:first-child{\nfill:#76a52b;\nstroke:#76a52b;\n}\n<\/style>\n<div  class='hr av-jp9ng8ul-711e073f4b43887119a485fa613c95af hr-custom  avia-builder-el-5  el_after_av_heading  el_before_av_textblock  hr-left hr-icon-yes'><span class='hr-inner inner-border-av-border-thin'><span class=\"hr-inner-style\"><\/span><\/span><span class='av-seperator-icon avia-iconfont avia-font-entypo-fontello' data-av_icon='\ue8b8' data-av_iconfont='entypo-fontello' ><\/span><span class='hr-inner inner-border-av-border-thin'><span class=\"hr-inner-style\"><\/span><\/span><\/div><br \/>\n<section  class='av_textblock_section av-jp8i1zm4-57d9a62b2794672ea145743ade24c763 '   itemscope=\"itemscope\" itemtype=\"https:\/\/schema.org\/CreativeWork\" ><div class='avia_textblock'  itemprop=\"text\" ><p>Schon Ende 2016 haben uns viele Haus- und Grundst\u00fcckseigent\u00fcmer mit ihren Vorstellungen<br \/>\nvon einem sch\u00f6nen Garten angesprochen.<\/p>\n<p>Die Nachfrage nach professioneller Unterst\u00fctzung ist nach wie vor ungebrochen gro\u00df. Das Spektrum der Interessenlagen umfasste dabei vorwiegend Stadtgartengestaltungen im architektonischen Stil, mediterrane Anlagen und gr\u00f6\u00dfere landschaftliche G\u00e4rten im Randbereich von Leipzig.<\/p>\n<p>Der Wunsch nach einer fachlich fundierten Planung mit einem effektiven Einsatz der zur Verf\u00fcgung stehenden finanziellen Mittel f\u00fcr die Gartengestaltung stand dabei an erster Stelle. Jeder Garten sollte Unikat-Charakter haben.<\/p>\n<p>Mit pfiffigen Ideen, dem optimalen Einsatz von Materialien und Pflanzen und die richtige Abw\u00e4gung der m\u00f6glichen Konstruktionsalternativen konnten wir den W\u00fcnschen unserer Bauherren gerecht werden.<\/p>\n<p>Wir freuen uns \u00fcber Ihre Anfragen und die damit verbundenen Herausforderungen.<\/p>\n<p>Ein herzliches Dankesch\u00f6n von nature-project-Landschaftsarchitekten f\u00fcr Ihr Interesse.<\/p>\n<\/div><\/section><br \/>\n\n<style type=\"text\/css\" data-created_by=\"avia_inline_auto\" id=\"style-css-av-jp9ng8ul-98a898ad4eeba8a0b3ddd3a6e206a548\">\n#top .hr.av-jp9ng8ul-98a898ad4eeba8a0b3ddd3a6e206a548{\nmargin-top:35px;\nmargin-bottom:20px;\n}\n.hr.av-jp9ng8ul-98a898ad4eeba8a0b3ddd3a6e206a548 .hr-inner{\nwidth:400px;\nborder-color:#76a52b;\nmax-width:45%;\n}\n.hr.av-jp9ng8ul-98a898ad4eeba8a0b3ddd3a6e206a548 .av-seperator-icon{\ncolor:#76a52b;\n}\n.hr.av-jp9ng8ul-98a898ad4eeba8a0b3ddd3a6e206a548 .av-seperator-icon.avia-svg-icon svg:first-child{\nfill:#76a52b;\nstroke:#76a52b;\n}\n<\/style>\n<div  class='hr av-jp9ng8ul-98a898ad4eeba8a0b3ddd3a6e206a548 hr-custom  avia-builder-el-7  el_after_av_textblock  avia-builder-el-last  hr-left hr-icon-yes'><span class='hr-inner inner-border-av-border-thin'><span class=\"hr-inner-style\"><\/span><\/span><span class='av-seperator-icon avia-iconfont avia-font-entypo-fontello' data-av_icon='\ue8b8' data-av_iconfont='entypo-fontello' ><\/span><span class='hr-inner inner-border-av-border-thin'><span class=\"hr-inner-style\"><\/span><\/span><\/div><\/p><\/div>\n","protected":false},"excerpt":{"rendered":"","protected":false},"author":1,"featured_media":0,"parent":0,"menu_order":0,"comment_status":"open","ping_status":"closed","template":"","meta":{"footnotes":""},"class_list":["post-3317","page","type-page","status-publish","hentry"],"_links":{"self":[{"href":"https:\/\/nature-project.eu\/de\/wp-json\/wp\/v2\/pages\/3317","targetHints":{"allow":["GET"]}}],"collection":[{"href":"https:\/\/nature-project.eu\/de\/wp-json\/wp\/v2\/pages"}],"about":[{"href":"https:\/\/nature-project.eu\/de\/wp-json\/wp\/v2\/types\/page"}],"author":[{"embeddable":true,"href":"https:\/\/nature-project.eu\/de\/wp-json\/wp\/v2\/users\/1"}],"replies":[{"embeddable":true,"href":"https:\/\/nature-project.eu\/de\/wp-json\/wp\/v2\/comments?post=3317"}],"version-history":[{"count":0,"href":"https:\/\/nature-project.eu\/de\/wp-json\/wp\/v2\/pages\/3317\/revisions"}],"wp:attachment":[{"href":"https:\/\/nature-project.eu\/de\/wp-json\/wp\/v2\/media?parent=3317"}],"curies":[{"name":"wp","href":"https:\/\/api.w.org\/{rel}","templated":true}]}}